{"id":10,"date":"2016-02-29T09:29:48","date_gmt":"2016-02-29T08:29:48","guid":{"rendered":"http:\/\/perluette.xyz\/?page_id=10"},"modified":"2018-01-22T12:59:33","modified_gmt":"2018-01-22T11:59:33","slug":"lequipe","status":"publish","type":"page","link":"https:\/\/perluette.xyz\/index.php\/perluette-les-livres-jeunesse\/lequipe\/","title":{"rendered":"Equipe"},"content":{"rendered":"<p><strong><img loading=\"lazy\" decoding=\"async\" class=\"alignright wp-image-119 size-thumbnail\" src=\"https:\/\/perluette.xyz\/wp-content\/uploads\/2016\/02\/Magali-150x150.jpg\" alt=\"Magali\" width=\"150\" height=\"150\" \/>Magali Battaglia<\/strong><\/p>\n<p>Apr\u00e8s une formation initiale en ing\u00e9nierie culturelle \u00e0 l\u2019Universit\u00e9 de Lille 3 aux d\u00e9buts des ann\u00e9es 2000, Magali Battaglia travaille dans le secteur du spectacle vivant depuis plus d\u2019une dizaine d\u2019ann\u00e9es, avec une sp\u00e9cificit\u00e9 et un int\u00e9r\u00eat particulier pour les arts de la marionnette et arts dits associ\u00e9s.<\/p>\n<p>Elle cumule ainsi de nombreuses exp\u00e9riences de coordinatrice, administratrice ou charg\u00e9e de production &amp; de diffusion tant pour des structures que pour des festivals (Th\u00e9\u00e2tre de la Marionnette \u00e0 Paris, Nord Magnetic, Festival 1001 facettes en Picardie, Festival Itin\u00e9rant de Marionnettes dans le Valenciennois, \u2026), lieux de r\u00e9sidences (Bouffou Th\u00e9\u00e2tre \u00e0 la Coque en Bretagne, th\u00e9\u00e2tre de chambre \u2013 232U \u00e0 Aulnoye-Aymeries) et compagnies (OpUS, th\u00e9\u00e2trenciel, Sens Ascensionnels, \u2026).<\/p>\n<p>En 2009, elle d\u00e9cide de se r\u00e9installer dans le Nord, vit \u00e0 Hellemmes Lille depuis 2011.<\/p>\n<p>Magali Battaglia n\u2019a cess\u00e9 de concilier son travail professionnel avec de riches activit\u00e9s b\u00e9n\u00e9voles (La Boule \u00e0 facettes en Picardie, La Cazuela et ses projets en lien avec le Chili, cr\u00e8che parentale ADAGE \u00e0 Villeneuve d\u2019Ascq, associations de parents d&rsquo;\u00e9l\u00e8ves, compagnies Monotype &amp; Rosa Bonheur, \u2026).<\/p>\n<p>Son int\u00e9r\u00eat et ses connaissances pour la litt\u00e9rature de jeunesse n\u2019ont cess\u00e9 de cro\u00eetre d\u00e8s la naissance de ses deux filles en 2010 &amp; 2014. En 2015, elle fait le choix d\u2019une reconversion professionnelle dans le secteur des livres pour la jeunesse en s\u2019inscrivant en 2015-2016 \u00e0 un DU Litt\u00e9rature pour la jeunesse (formation sp\u00e9cialis\u00e9e \u00e0 l\u2019Universit\u00e9 Paris X Nanterre), tout en d\u00e9veloppant le projet Perluette.<\/p>\n<p><a href=\"mailto:battagliamagali@gmail.com\" target=\"_blank\" rel=\"noopener noreferrer\">battagliamagali@gmail.com<\/a><\/p>\n<p>&nbsp;<\/p>\n<p>&nbsp;<\/p>\n<p><strong>Laure Montaigne<\/strong><\/p>\n<p>Pr\u00e9sidente de l\u2019Association Perluette<\/p>\n<p>Lectrice pour diverses associations dont Dire Lire (association de promotion de la lecture et de l\u2019oralit\u00e9), l&rsquo;ASET (Aide \u00e0 la Scolarisation des Enfants Tziganes), &#8230;<\/p>\n<p>&nbsp;<\/p>\n<p><strong>Lucie Commerman-Henno<\/strong><\/p>\n<p>Tr\u00e9sori\u00e8re de l\u2019Association Perluette<\/p>\n<p>Charg\u00e9e d\u2019administration pour M\u00e9talu \u00e0 Chahuter, Collectif d&rsquo;artistes \/ fabricants de spectacles \/ inventeurs de machines \u00e0 r\u00eaver et de dispositifs interactifs.<\/p>\n","protected":false},"excerpt":{"rendered":"<p>Magali Battaglia Apr\u00e8s une formation initiale en ing\u00e9nierie culturelle \u00e0 l\u2019Universit\u00e9 de Lille 3 aux d\u00e9buts des ann\u00e9es 2000, Magali Battaglia travaille dans le secteur du spectacle vivant depuis plus d\u2019une dizaine d\u2019ann\u00e9es, avec une sp\u00e9cificit\u00e9 et un int\u00e9r\u00eat particulier pour les arts de la marionnette et arts dits associ\u00e9s. Elle cumule ainsi de nombreuses &hellip; <a href=\"https:\/\/perluette.xyz\/index.php\/perluette-les-livres-jeunesse\/lequipe\/\" class=\"more-link\">Continue reading <span class=\"screen-reader-text\">Equipe<\/span><\/a><\/p>\n","protected":false},"author":1,"featured_media":0,"parent":6,"menu_order":0,"comment_status":"closed","ping_status":"closed","template":"","meta":{"footnotes":""},"class_list":["post-10","page","type-page","status-publish","hentry"],"_links":{"self":[{"href":"https:\/\/perluette.xyz\/index.php\/wp-json\/wp\/v2\/pages\/10","targetHints":{"allow":["GET"]}}],"collection":[{"href":"https:\/\/perluette.xyz\/index.php\/wp-json\/wp\/v2\/pages"}],"about":[{"href":"https:\/\/perluette.xyz\/index.php\/wp-json\/wp\/v2\/types\/page"}],"author":[{"embeddable":true,"href":"https:\/\/perluette.xyz\/index.php\/wp-json\/wp\/v2\/users\/1"}],"replies":[{"embeddable":true,"href":"https:\/\/perluette.xyz\/index.php\/wp-json\/wp\/v2\/comments?post=10"}],"version-history":[{"count":7,"href":"https:\/\/perluette.xyz\/index.php\/wp-json\/wp\/v2\/pages\/10\/revisions"}],"predecessor-version":[{"id":612,"href":"https:\/\/perluette.xyz\/index.php\/wp-json\/wp\/v2\/pages\/10\/revisions\/612"}],"up":[{"embeddable":true,"href":"https:\/\/perluette.xyz\/index.php\/wp-json\/wp\/v2\/pages\/6"}],"wp:attachment":[{"href":"https:\/\/perluette.xyz\/index.php\/wp-json\/wp\/v2\/media?parent=10"}],"curies":[{"name":"wp","href":"https:\/\/api.w.org\/{rel}","templated":true}]}}