{"id":1655,"date":"2022-11-18T14:15:09","date_gmt":"2022-11-18T13:15:09","guid":{"rendered":"http:\/\/perluette.xyz\/?page_id=1655"},"modified":"2022-11-18T15:44:24","modified_gmt":"2022-11-18T14:44:24","slug":"concert-bd-billy-symphony","status":"publish","type":"page","link":"https:\/\/perluette.xyz\/index.php\/concert-bd-billy-symphony\/","title":{"rendered":"Concert-BD Billy Symphony"},"content":{"rendered":"<p><a href=\"https:\/\/perluette.xyz\/wp-content\/uploads\/2022\/11\/Affiche_BillySymphony_sept21.jpg\"><img loading=\"lazy\" decoding=\"async\" class=\"alignleft wp-image-1656 size-medium\" src=\"https:\/\/perluette.xyz\/wp-content\/uploads\/2022\/11\/Affiche_BillySymphony_sept21-212x300.jpg\" alt=\"\" width=\"212\" height=\"300\" srcset=\"https:\/\/perluette.xyz\/wp-content\/uploads\/2022\/11\/Affiche_BillySymphony_sept21-212x300.jpg 212w, https:\/\/perluette.xyz\/wp-content\/uploads\/2022\/11\/Affiche_BillySymphony_sept21-768x1085.jpg 768w, https:\/\/perluette.xyz\/wp-content\/uploads\/2022\/11\/Affiche_BillySymphony_sept21-725x1024.jpg 725w, https:\/\/perluette.xyz\/wp-content\/uploads\/2022\/11\/Affiche_BillySymphony_sept21-863x1220.jpg 863w, https:\/\/perluette.xyz\/wp-content\/uploads\/2022\/11\/Affiche_BillySymphony_sept21-76x108.jpg 76w, https:\/\/perluette.xyz\/wp-content\/uploads\/2022\/11\/Affiche_BillySymphony_sept21.jpg 1241w\" sizes=\"auto, (max-width: 212px) 100vw, 212px\" \/><\/a><\/p>\n<p><em><strong>Perluette a cr\u00e9\u00e9 en 2021 un concert-BD jazz jeune public \u00e0 partir de la bande dessin\u00e9e muette de David P\u00e9rimony, BILLY SYMPHONY.<\/strong><\/em><\/p>\n<p>Composition musicale : Pierre-Yves Langlois &amp; Claire Bellamy.<\/p>\n<p>Interpr\u00e9tation : Claire Bellamy &amp; David Laisn\u00e9.<\/p>\n<p>Visionnez <a href=\"https:\/\/www.youtube.com\/watch?v=RN2L50r8jnI\" target=\"_blank\" rel=\"noopener noreferrer\">en cliquant ICI le teaser vid\u00e9o<\/a> d&rsquo;Alexandre Rabozzi.<\/p>\n<p><a href=\"https:\/\/perluette.xyz\/wp-content\/uploads\/2022\/11\/Concert-BD_BillySymphony_janv22.pdf\" target=\"_blank\" rel=\"noopener noreferrer\">Dossier artistique \u00e0 t\u00e9l\u00e9charger l\u00e0 !<\/a><\/p>\n<p>&nbsp;<\/p>\n<p>&nbsp;<\/p>\n<p style=\"text-align: center;\"><strong>Concert-BD BILLY SYMPHONY<\/strong><\/p>\n<p style=\"text-align: center;\">D\u2019apr\u00e8s la bande dessin\u00e9e\u00a0<em>BILLY SYMPHONY<\/em>\u00a0de David P\u00e9rimony<\/p>\n<p style=\"text-align: center;\">\u00a9 les \u00e9ditions de la Goutti\u00e8re (2020)<\/p>\n<p style=\"text-align: center;\"><strong>Une cr\u00e9ation de PERLUETTE<\/strong><\/p>\n<p style=\"text-align: center;\">Jeune public jazz &amp; BD muette<\/p>\n<p style=\"text-align: center;\">avec l\u2019aimable autorisation des \u00e9ditions de la Goutti\u00e8re<\/p>\n<p style=\"text-align: center;\"><strong>Le concert-BD Billy Symphony est une cr\u00e9ation musicale originale jazz pour le jeune public propos\u00e9e par Perluette, \u00e0 partir de l\u2019album de David P\u00e9rimony (\u00e9ditions de la Goutti\u00e8re).<\/strong><\/p>\n<p style=\"text-align: center;\"><em>Billy Symphony c\u2019est l\u2019histoire d\u2019un jeune vagabond qui r\u00eave de devenir un grand saxophoniste\u2026<\/em><\/p>\n<p style=\"text-align: center;\"><em>C\u2019est l\u2019histoire d\u2019un petit oiseau qui r\u00eave de chanter en toute libert\u00e9\u2026<\/em><\/p>\n<p style=\"text-align: center;\"><em>\u00c0 la recherche de l\u2019accord parfait, c\u2019est l\u2019histoire d\u2019une amiti\u00e9.<\/em><\/p>\n<p style=\"text-align: center;\"><strong>Composition musicale\u00a0: Pierre-Yves Langlois &amp; Claire Bellamy<\/strong><\/p>\n<p style=\"text-align: center;\"><strong>Interpr\u00e9tation\u00a0: Claire Bellamy &amp; David Laisn\u00e9<\/strong><\/p>\n<p style=\"text-align: center;\">Sc\u00e9nario &amp; dessins\u00a0: David P\u00e9rimony<\/p>\n<p style=\"text-align: center;\">Montage vid\u00e9o\u00a0: Marie Langlois<\/p>\n<p style=\"text-align: center;\">R\u00e9gie g\u00e9n\u00e9rale\u00a0: Cyrille Brug\u00e8re<\/p>\n<p style=\"text-align: center;\">Costumes\u00a0: Emmanuelle Geoffroy<\/p>\n<p style=\"text-align: center;\">Production &amp; diffusion\u00a0: Magali Battaglia<\/p>\n<p style=\"text-align: center;\">Production\u00a0: Perluette, avec l\u2019aimable autorisation des \u00e9ditions de la Goutti\u00e8re.<\/p>\n<p style=\"text-align: center;\">Coproduction\u00a0: Tourcoing Jazz &amp; Centre Musical Les Arcades \u00e0 Faches Thumesnil.<\/p>\n<p style=\"text-align: center;\">Soutien\u00a0: On a march\u00e9 sur la bulle &amp; Le Nautilys \u00e0 Comines.<\/p>\n<p style=\"text-align: center;\">Production agr\u00e9\u00e9e par le D\u00e9partement du Nord, dans le cadre du dispositif de l\u2019aide \u00e0 la diffusion culturelle.<\/p>\n<p style=\"text-align: center;\">L&rsquo;association Perluette propose en parall\u00e8le \u00e0 ce concert-BD de nombreuses actions culturelles pour faire le lien entre l&rsquo;album de bande dessin\u00e9e &amp; le concert-BD jazz : livret d&rsquo;activit\u00e9s, exposition, atelier avec le dessinateur ou la musicienne&#8230;<\/p>\n<p style=\"text-align: center;\"><span style=\"color: #ff6600;\">Renseignements &amp; int\u00e9r\u00eats \u00e0\u00a0:<\/span><\/p>\n<p style=\"text-align: center;\"><span style=\"color: #ff6600;\">association.perluette@gmail.com<\/span><\/p>\n<p style=\"text-align: center;\"><span style=\"color: #ff6600;\">Magali Battaglia 06 79 21 09 27<\/span><\/p>\n<p>&nbsp;<\/p>\n","protected":false},"excerpt":{"rendered":"<p>Perluette a cr\u00e9\u00e9 en 2021 un concert-BD jazz jeune public \u00e0 partir de la bande dessin\u00e9e muette de David P\u00e9rimony, BILLY SYMPHONY. Composition musicale : Pierre-Yves Langlois &amp; Claire Bellamy. Interpr\u00e9tation : Claire Bellamy &amp; David Laisn\u00e9. Visionnez en cliquant ICI le teaser vid\u00e9o d&rsquo;Alexandre Rabozzi. Dossier artistique \u00e0 t\u00e9l\u00e9charger l\u00e0 ! &nbsp; &nbsp; Concert-BD &hellip; <a href=\"https:\/\/perluette.xyz\/index.php\/concert-bd-billy-symphony\/\" class=\"more-link\">Continue reading <span class=\"screen-reader-text\">Concert-BD Billy Symphony<\/span><\/a><\/p>\n","protected":false},"author":1,"featured_media":1656,"parent":0,"menu_order":2,"comment_status":"closed","ping_status":"closed","template":"","meta":{"footnotes":""},"class_list":["post-1655","page","type-page","status-publish","has-post-thumbnail","hentry"],"_links":{"self":[{"href":"https:\/\/perluette.xyz\/index.php\/wp-json\/wp\/v2\/pages\/1655","targetHints":{"allow":["GET"]}}],"collection":[{"href":"https:\/\/perluette.xyz\/index.php\/wp-json\/wp\/v2\/pages"}],"about":[{"href":"https:\/\/perluette.xyz\/index.php\/wp-json\/wp\/v2\/types\/page"}],"author":[{"embeddable":true,"href":"https:\/\/perluette.xyz\/index.php\/wp-json\/wp\/v2\/users\/1"}],"replies":[{"embeddable":true,"href":"https:\/\/perluette.xyz\/index.php\/wp-json\/wp\/v2\/comments?post=1655"}],"version-history":[{"count":4,"href":"https:\/\/perluette.xyz\/index.php\/wp-json\/wp\/v2\/pages\/1655\/revisions"}],"predecessor-version":[{"id":1664,"href":"https:\/\/perluette.xyz\/index.php\/wp-json\/wp\/v2\/pages\/1655\/revisions\/1664"}],"wp:featuredmedia":[{"embeddable":true,"href":"https:\/\/perluette.xyz\/index.php\/wp-json\/wp\/v2\/media\/1656"}],"wp:attachment":[{"href":"https:\/\/perluette.xyz\/index.php\/wp-json\/wp\/v2\/media?parent=1655"}],"curies":[{"name":"wp","href":"https:\/\/api.w.org\/{rel}","templated":true}]}}