{"id":322,"date":"2017-01-25T15:11:47","date_gmt":"2017-01-25T14:11:47","guid":{"rendered":"http:\/\/perluette.xyz\/?page_id=322"},"modified":"2017-04-24T22:55:28","modified_gmt":"2017-04-24T21:55:28","slug":"appels-a-ecriture-creative","status":"publish","type":"page","link":"https:\/\/perluette.xyz\/index.php\/appels-a-ecriture-creative-2\/appels-a-ecriture-creative\/","title":{"rendered":"D\u00e9tournement de conte avec Agn\u00e8s Debacker"},"content":{"rendered":"<p style=\"text-align: left;\">Les participants (\u00e2g\u00e9s de 10 \u00e0 49 ans) ont r\u00e9pondu nombreux, enthousiastes &amp; imaginatifs au premier appel \u00e0 \u00e9criture lanc\u00e9 par l&rsquo;Association &#8211; grand merci \u00e0 tous les auteurEs !<\/p>\n<p style=\"text-align: left;\">R\u00e9galez-vous donc \u00e0 lire les contes d\u00e9tourn\u00e9s re\u00e7us dont certains seront lus par l&rsquo;auteure Agn\u00e8s Debacker le mardi 4 avril \u00e0 18h au Polder (dans le cadre de <a href=\"https:\/\/perluette.xyz\/wp-content\/uploads\/2017\/01\/Programme-Perluette-au-Polder_3-8avril2017.pdf\" target=\"_blank\" rel=\"noopener noreferrer\">Perluette au Polder, du 3 au 8 avril 2017<\/a>) :<\/p>\n<ul>\n<li style=\"text-align: left;\"><a href=\"https:\/\/perluette.xyz\/wp-content\/uploads\/2017\/01\/Les3Ours_Patrick_26fev17.pdf\" target=\"_blank\" rel=\"noopener noreferrer\">Les 3 Ours<\/a> \/ Patrick <em>[ce conte d\u00e9tourn\u00e9 s&rsquo;ins\u00e8re dans le recueil <strong>Contes Grimm-\u00e9s<\/strong> de Patrick Eillum \/\/ <a href=\"https:\/\/perluette.xyz\/wp-content\/uploads\/2017\/01\/LesTroisOurs_illustration-Bastien-D.pdf\" target=\"_blank\" rel=\"noopener noreferrer\">illustration de Bastien D.<\/a>]<\/em><\/li>\n<li style=\"text-align: left;\"><a href=\"https:\/\/perluette.xyz\/wp-content\/uploads\/2017\/01\/La-Planete-du-petit-Joseph_Alice_23mars17.pdf\" target=\"_blank\" rel=\"noopener noreferrer\">La Plan\u00e8te du petit Joseph<\/a> \/ Alice<\/li>\n<li style=\"text-align: left;\"><a href=\"https:\/\/perluette.xyz\/wp-content\/uploads\/2017\/01\/Comment-Cendrillon-changea-le-monde_Mathilde_23mars17.pdf\" target=\"_blank\" rel=\"noopener noreferrer\">Comment Cendrillon changea le monde<\/a> \/ Mathilde<\/li>\n<li style=\"text-align: left;\"><a href=\"https:\/\/perluette.xyz\/wp-content\/uploads\/2017\/01\/le-conte-du-futur_Junior_27mars17.pdf\" target=\"_blank\" rel=\"noopener noreferrer\">Le conte du futur<\/a> \/ Junior<\/li>\n<li style=\"text-align: left;\"><a href=\"https:\/\/perluette.xyz\/wp-content\/uploads\/2017\/01\/Jacques-et-lOGM-Magique_Pierre_27mars17.pdf\" target=\"_blank\" rel=\"noopener noreferrer\">Jacques et l&rsquo;OGM Magique<\/a> \/ Pierre<\/li>\n<li style=\"text-align: left;\"><a href=\"https:\/\/perluette.xyz\/wp-content\/uploads\/2017\/01\/Cendrillon-des-temps-modernes_Justine_27mars17.pdf\" target=\"_blank\" rel=\"noopener noreferrer\">Cendrillon des temps modernes<\/a> \/ Justine<\/li>\n<li style=\"text-align: left;\"><a href=\"https:\/\/perluette.xyz\/wp-content\/uploads\/2017\/01\/Les-trois-petits-cochons-et-le-nuage_Ludovic_27mars17.pdf\" target=\"_blank\" rel=\"noopener noreferrer\">Les trois petits cochons et le nuage<\/a> \/ Ludovic<\/li>\n<li style=\"text-align: left;\"><a href=\"https:\/\/perluette.xyz\/wp-content\/uploads\/2017\/01\/Le-Chaperon-des-mers_Emm_27mars17.pdf\" target=\"_blank\" rel=\"noopener noreferrer\">Le Chaperon des mers<\/a> \/ Emm<\/li>\n<li style=\"text-align: left;\"><a href=\"https:\/\/perluette.xyz\/wp-content\/uploads\/2017\/01\/Les-aventures-de-L\u00e9o-dans-le-d\u00e9sert_Leila\u2013Manon\u2013Prescillia_27mars17.pdf\" target=\"_blank\" rel=\"noopener noreferrer\">Les aventures de L\u00e9o dans le d\u00e9sert<\/a> \/ Leila \u2013 Manon \u2013 Prescillia<\/li>\n<li style=\"text-align: left;\"><a href=\"https:\/\/perluette.xyz\/wp-content\/uploads\/2017\/01\/Julie-le-petit-chaperon-blanc_Khadija\u2013Valentine\u2013Sol\u00e8ne\u2013Benjamin_27mars17.pdf\" target=\"_blank\" rel=\"noopener noreferrer\">Julie le petit chaperon blanc<\/a> \/ Khadija \u2013 Valentine \u2013 Sol\u00e8ne \u2013 Benjamin<\/li>\n<li style=\"text-align: left;\"><a href=\"https:\/\/perluette.xyz\/wp-content\/uploads\/2017\/01\/Le-petit-chaperon-blanc_Cassandra-Justine\u2013Morgane\u2013Oc\u00e9ane_27mars17.pdf\" target=\"_blank\" rel=\"noopener noreferrer\">Le petit chaperon blanc<\/a> \/ Cassandra &#8211; Justine \u2013 Morgane \u2013 Oc\u00e9ane<\/li>\n<li style=\"text-align: left;\"><a href=\"https:\/\/perluette.xyz\/wp-content\/uploads\/2017\/01\/Le-livre-de-la-jungle_6eme5_28mars17.pdf\" target=\"_blank\" rel=\"noopener noreferrer\">Le livre de la jungle<\/a> \/ Classe de 6\u00e8me 5 du Coll\u00e8ge Communautaire de Villeneuve d&rsquo;Ascq<\/li>\n<li style=\"text-align: left;\"><a href=\"https:\/\/perluette.xyz\/wp-content\/uploads\/2017\/01\/Blanche-Seche_Quentin.pdf\" target=\"_blank\" rel=\"noopener noreferrer\">Blanche S\u00e9che<\/a> \/ Quentin, Classe de 6\u00e8me 7 du Coll\u00e8ge St-Exup\u00e9ry \u00e0 Hellemmes<\/li>\n<li style=\"text-align: left;\"><a href=\"https:\/\/perluette.xyz\/wp-content\/uploads\/2017\/01\/La-petite-sirene-2063_KatalinaOc\u00e9ane.pdf\" target=\"_blank\" rel=\"noopener noreferrer\">La petite sir\u00e8ne 2063<\/a> \/ Katalina &#8211; Oc\u00e9ane, Classe de 6\u00e8me 7 du Coll\u00e8ge St-Exup\u00e9ry \u00e0 Hellemmes<\/li>\n<li style=\"text-align: left;\"><a href=\"https:\/\/perluette.xyz\/wp-content\/uploads\/2017\/01\/Le-petit-poucet-et-les-7-nains_SimonMhedi.pdf\" target=\"_blank\" rel=\"noopener noreferrer\">Le petit poucet et les 7 nains<\/a> \/ Simon &#8211; Mhedi, Classe de 6\u00e8me 7 du Coll\u00e8ge St-Exup\u00e9ry \u00e0 Hellemmes<\/li>\n<li style=\"text-align: left;\"><a href=\"https:\/\/perluette.xyz\/wp-content\/uploads\/2017\/01\/Pauvre-Raiponce_Lucas.pdf\" target=\"_blank\" rel=\"noopener noreferrer\">Pauvre Raiponce<\/a> \/ Lucas, Classe de 6\u00e8me 7 du Coll\u00e8ge St-Exup\u00e9ry \u00e0 Hellemmes<\/li>\n<li style=\"text-align: left;\"><a href=\"https:\/\/perluette.xyz\/wp-content\/uploads\/2017\/01\/Multimonde_Enzo-Luciano-Gabriel.pdf\" target=\"_blank\" rel=\"noopener noreferrer\">Multimonde<\/a> \/ Enzo &#8211; Luciano &#8211; Gabriel, Classe de 6\u00e8me 7 du Coll\u00e8ge St-Exup\u00e9ry \u00e0 Hellemmes<\/li>\n<li style=\"text-align: left;\"><a href=\"https:\/\/perluette.xyz\/wp-content\/uploads\/2017\/01\/Histoire-de-la-belle-et-la-bete_Oceane.pdf\" target=\"_blank\" rel=\"noopener noreferrer\">Histoire de la Belle et la B\u00eate<\/a> \/ Oc\u00e9ane, Classe de 6\u00e8me 7 du Coll\u00e8ge St-Exup\u00e9ry \u00e0 Hellemmes<\/li>\n<li style=\"text-align: left;\"><a href=\"https:\/\/perluette.xyz\/wp-content\/uploads\/2017\/01\/La-veritable-histoire-de-la-Belle-et-la-Bete_Prunelle.pdf\" target=\"_blank\" rel=\"noopener noreferrer\">La v\u00e9ritable histoire de la Belle et la B\u00eate<\/a> \/ Prunelle, Classe de 6\u00e8me du Coll\u00e8ge St-Exup\u00e9ry \u00e0 Hellemmes<\/li>\n<li style=\"text-align: left;\"><a href=\"https:\/\/perluette.xyz\/wp-content\/uploads\/2017\/01\/Le-loup-et-les-7-chaperons-rouges_Zacharie.pdf\" target=\"_blank\" rel=\"noopener noreferrer\">Le loup et les 7 chaperons rouges<\/a> \/ Zacharie, Classe de 6\u00e8me du Coll\u00e8ge St-Exup\u00e9ry \u00e0 Hellemmes<\/li>\n<\/ul>\n<p style=\"text-align: right;\"><em>[contes d\u00e9tourn\u00e9s publi\u00e9s par ordre de r\u00e9ception]<\/em><\/p>\n<p style=\"text-align: center;\"><em>Premier appel \u00e0 \u00e9criture cr\u00e9ative de Perluette !<\/em><\/p>\n<p style=\"text-align: center;\"><span style=\"color: #ff6600;\"><strong>Que sont devenus le chaperon rouge, le petit Poucet,Blanche Neige &amp; cie en 2050 ?<\/strong><\/span><\/p>\n<p style=\"text-align: center;\"><strong>\u00a0<\/strong><em>\u00c0 l\u2019heure notamment du changement climatique, des catastrophes environnementales<\/em><\/p>\n<p style=\"text-align: center;\"><em>&amp; des initiatives citoyennes pour palier au d\u00e9sastre\u2026<\/em><\/p>\n<p><em>Par exemple: o\u00f9 pourrait bien se cacher le loup de nos contes si la for\u00eat n\u2019existe plus? Et le petit Poucet? O\u00f9 donc pourrait-il se perdre? Et si les sept nains de Blanche Neige inauguraient un jardin potager en plein coeur de la ville\u2026?<\/em><\/p>\n<p style=\"text-align: center;\"><strong>\u00c0 partir de ces deux \u00e9l\u00e9ments :\u00a0 le conte &amp; les changements environnementaux<\/strong><\/p>\n<p><strong>Perluette vous invite \u00e0 \u00e9crire une histoire, \u00e0 d\u00e9tourner nos contes traditionnels, \u00e0 vous amuser avec cette mati\u00e8re vivante &amp; intemporelle en y glissant quelques clins d\u2019\u0153il (et\/ou coups de gueule) en lien avec l\u2019urgence \u00e9cologique.<\/strong><\/p>\n<figure id=\"attachment_325\" aria-describedby=\"caption-attachment-325\" style=\"width: 150px\" class=\"wp-caption alignright\"><img loading=\"lazy\" decoding=\"async\" class=\"wp-image-325 size-thumbnail\" src=\"https:\/\/perluette.xyz\/wp-content\/uploads\/2017\/01\/DebackerLeJourDIgorMouche-11-150x150.jpg\" width=\"150\" height=\"150\" \/><figcaption id=\"caption-attachment-325\" class=\"wp-caption-text\">\u00a9 Illustration sign\u00e9e Vincent Pianina du roman jeunesse d\u2019Agn\u00e8s Debacker, Le jour d\u2019Igor, L\u2019Ecole des loisirs, 2016<\/figcaption><\/figure>\n<p style=\"text-align: right;\"><em>\u00c0 vos plumes (et claviers) ! <\/em><\/p>\n<p style=\"text-align: right;\"><span style=\"color: #ff0000;\"><strong>Envoyez-nous votre texte avant le 28 mars 2017 afin de le publier en ligne.<\/strong><\/span><\/p>\n<p>&nbsp;<\/p>\n<p style=\"text-align: center;\"><strong>Projet propos\u00e9 par l\u2019association Perluette &amp; l\u2019auteure Agn\u00e8s Debacker<\/strong><\/p>\n<p style=\"text-align: center;\"><strong>dans le cadre de Perluette au Polder*, du 1<sup>er<\/sup> au 8 avril 2017 \u00e0 Hellemmes Lille.<\/strong><\/p>\n<p style=\"text-align: center;\">* Caf\u00e9 des initiatives citoyennes et solidaires, 250 rue Roger Salengro \u2013 59260 Hellemmes<\/p>\n<p>&nbsp;<\/p>\n<p><strong><span style=\"color: #ff0000;\">Conditions de participation\u00a0:<\/span><\/strong><\/p>\n<ul>\n<li>Avoir de 10 \u00e0 100 ans.<\/li>\n<li><strong>Ecrire un conte<\/strong> \u00e0 partir d\u2019un conte appartenant \u00e0 l\u2019imaginaire collectif (contes des fr\u00e8res Grimm, de Perrault, \u2026), en le d\u00e9tournant (m\u00e9langer les personnages, modifier leurs attributs, changer les d\u00e9cors, \u2026)<\/li>\n<li>Le conte d\u00e9tourn\u00e9 sera dactylographi\u00e9 (police Arial, taille 12, espace interligne 1,2) \u2013 \u00e9crit de <strong>2 pages minimum mais 4 pages maximum<\/strong>.<\/li>\n<li>L\u2019\u00e9crit peut \u00eatre <strong>individuel ou collectif<\/strong> (sign\u00e9 par son v\u00e9ritable nom, son pseudonyme ou anonyme selon la volont\u00e9 de chaque auteur) mais devra obligatoirement pr\u00e9senter <strong>un titre ainsi que la commune de domiciliation &amp; l\u2019\u00e2ge de son\/ses auteurEs<\/strong>.<\/li>\n<li>Vous vous engagez \u00e0 ne pas plagier un conte d\u00e9tourn\u00e9 d\u00e9j\u00e0 existant\u2026 &amp; aucun texte injurieux ou consid\u00e9r\u00e9 comme contraire aux m\u0153urs ne sera pris en compte.<\/li>\n<li>La participation \u00e0 cet appel \u00e0 \u00e9criture est gratuite &amp; ne pourra pr\u00e9tendre \u00e0 aucune r\u00e9tribution \u2013 les textes resteront la propri\u00e9t\u00e9 de leurs auteurs.<\/li>\n<li><strong>Votre \u00e9crit sera \u00e0 envoyer par mail \u00e0 l\u2019adresse association.<\/strong><strong>perluette@gmail.com<\/strong><strong> \u2013 uniquement du 28 f\u00e9vrier au 28 mars <\/strong><strong>2017.<\/strong><\/li>\n<li>Les textes re\u00e7us seront publi\u00e9s au plus tard le 1<sup>er<\/sup> avril 2017 sur le site <a href=\"http:\/\/www.perluette.xyz\">perluette.xyz<\/a><strong> (onglet \u00ab\u00a0appels \u00e0 \u00e9criture cr\u00e9ative\u00a0!\u00a0\u00bb)<\/strong> \u2013 les participants acceptent de fait cette publication en ligne mais aussi un \u00e9ventuel recueil format papier de l\u2019ensemble des textes.<\/li>\n<li>Certains textes seront lus par Agn\u00e8s Debacker, auteure jeunesse, au Polder \u2013 Caf\u00e9 citoyen et solidaire \u00e0 Hellemmes le mardi 4 avril 2017 \u00e0 18h.<\/li>\n<\/ul>\n<p>Attention, tout \u00e9crit envoy\u00e9 au-del\u00e0 des dates mentionn\u00e9es ou ne respectant pas les consignes &amp; formats ci-dessus ne sera pas pris en compte &amp; ne pourra donc \u00eatre publi\u00e9\u00a0!<\/p>\n<p style=\"text-align: right;\"><em>Alors \u00e0 vos imaginations\u2026<\/em><\/p>\n<p><span style=\"color: #ff6600;\"><strong>Agn\u00e8s Debacker, auteure<\/strong><\/span><\/p>\n<p>\u00c9ducatrice, metteuse en sc\u00e8ne de spectacles po\u00e9tiques pour tout petits, Agn\u00e8s Debacker a toujours travaill\u00e9 aupr\u00e8s des enfants. <em>Ma ch\u00e8re Alice <\/em>est le premier livre qu\u2019elle \u00e9crit pour eux (publi\u00e9 en 2013 \u00e0 l\u2019Ecole des loisirs \u2013 Collection Mouche). Tomb\u00e9e amoureuse d\u2019<em>Alice au pays des merveilles<\/em>, elle n\u2019a pas su quitter les personnages de Lewis Carroll apr\u00e8s avoir achev\u00e9 sa lecture. Elle leur a alors redonn\u00e9 vie sur le papier pour rester avec eux. En buvant du th\u00e9. Comme Alice.<\/p>\n<p>En 2016 sort son second roman pour la jeunesse <em>Le jour d\u2019Igor<\/em> (l\u2019Ecole des loisirs \u2013 Collection Mouche), une histoire d\u2019amiti\u00e9 inattendue entre un Petit Chaperon Rouge et un Grand M\u00e9chant Loup.<\/p>\n<p>Agn\u00e8s Debacker a \u00e9crit plusieurs spectacles pour le jeune et tr\u00e8s jeune public au sein de <a href=\"http:\/\/minuscule-mecanique.fr\/agnes-debacker-auteure-associee\/\" target=\"_blank\" rel=\"noopener noreferrer\">La Minuscule m\u00e9canique<\/a>, compagnie \u00e0 laquelle elle est auteure associ\u00e9e.<\/p>\n","protected":false},"excerpt":{"rendered":"<p>Les participants (\u00e2g\u00e9s de 10 \u00e0 49 ans) ont r\u00e9pondu nombreux, enthousiastes &amp; imaginatifs au premier appel \u00e0 \u00e9criture lanc\u00e9 par l&rsquo;Association &#8211; grand merci \u00e0 tous les auteurEs ! R\u00e9galez-vous donc \u00e0 lire les contes d\u00e9tourn\u00e9s re\u00e7us dont certains seront lus par l&rsquo;auteure Agn\u00e8s Debacker le mardi 4 avril \u00e0 18h au Polder (dans &hellip; <a href=\"https:\/\/perluette.xyz\/index.php\/appels-a-ecriture-creative-2\/appels-a-ecriture-creative\/\" class=\"more-link\">Continue reading <span class=\"screen-reader-text\">D\u00e9tournement de conte avec Agn\u00e8s Debacker<\/span><\/a><\/p>\n","protected":false},"author":1,"featured_media":0,"parent":332,"menu_order":1,"comment_status":"closed","ping_status":"closed","template":"","meta":{"footnotes":""},"class_list":["post-322","page","type-page","status-publish","hentry"],"_links":{"self":[{"href":"https:\/\/perluette.xyz\/index.php\/wp-json\/wp\/v2\/pages\/322","targetHints":{"allow":["GET"]}}],"collection":[{"href":"https:\/\/perluette.xyz\/index.php\/wp-json\/wp\/v2\/pages"}],"about":[{"href":"https:\/\/perluette.xyz\/index.php\/wp-json\/wp\/v2\/types\/page"}],"author":[{"embeddable":true,"href":"https:\/\/perluette.xyz\/index.php\/wp-json\/wp\/v2\/users\/1"}],"replies":[{"embeddable":true,"href":"https:\/\/perluette.xyz\/index.php\/wp-json\/wp\/v2\/comments?post=322"}],"version-history":[{"count":14,"href":"https:\/\/perluette.xyz\/index.php\/wp-json\/wp\/v2\/pages\/322\/revisions"}],"predecessor-version":[{"id":396,"href":"https:\/\/perluette.xyz\/index.php\/wp-json\/wp\/v2\/pages\/322\/revisions\/396"}],"up":[{"embeddable":true,"href":"https:\/\/perluette.xyz\/index.php\/wp-json\/wp\/v2\/pages\/332"}],"wp:attachment":[{"href":"https:\/\/perluette.xyz\/index.php\/wp-json\/wp\/v2\/media?parent=322"}],"curies":[{"name":"wp","href":"https:\/\/api.w.org\/{rel}","templated":true}]}}