{"id":332,"date":"2017-01-25T15:50:42","date_gmt":"2017-01-25T14:50:42","guid":{"rendered":"http:\/\/perluette.xyz\/?page_id=332"},"modified":"2017-01-25T17:16:28","modified_gmt":"2017-01-25T16:16:28","slug":"appels-a-ecriture-creative-2","status":"publish","type":"page","link":"https:\/\/perluette.xyz\/index.php\/appels-a-ecriture-creative-2\/","title":{"rendered":"Appels \u00e0 \u00e9criture cr\u00e9ative !"},"content":{"rendered":"<p>L&rsquo;association Perluette souhaite d\u00e8s 2017 proposer sur son site des appels \u00e0 \u00e9criture, ouverts \u00e0 tous \u00e0 partir de certaines contraintes d&rsquo;\u00e9criture &amp; dans la mesure du possible en lien avec le travail d&rsquo;unE auteurE jeunesse.<\/p>\n<p>D\u00e9but 2017, le premier appel est lanc\u00e9 : <strong>Que sont devenus le chaperon rouge, le petit Poucet, Blanche Neige &amp; cie en 2050 ? \/\/ en collaboration avec l&rsquo;auteure de romans jeunesse Agn\u00e8s Debacker. <\/strong><strong><a href=\"https:\/\/perluette.xyz\/wp-content\/uploads\/2017\/01\/reglement_appel-ecriture_Perluette_25janv17.pdf\" target=\"_blank\">Conditions de participations t\u00e9l\u00e9chargeables ICI !<\/a><\/strong><\/p>\n","protected":false},"excerpt":{"rendered":"<p>L&rsquo;association Perluette souhaite d\u00e8s 2017 proposer sur son site des appels \u00e0 \u00e9criture, ouverts \u00e0 tous \u00e0 partir de certaines contraintes d&rsquo;\u00e9criture &amp; dans la mesure du possible en lien avec le travail d&rsquo;unE auteurE jeunesse. D\u00e9but 2017, le premier appel est lanc\u00e9 : Que sont devenus le chaperon rouge, le petit Poucet, Blanche Neige &hellip; <a href=\"https:\/\/perluette.xyz\/index.php\/appels-a-ecriture-creative-2\/\" class=\"more-link\">Continue reading <span class=\"screen-reader-text\">Appels \u00e0 \u00e9criture cr\u00e9ative !<\/span><\/a><\/p>\n","protected":false},"author":1,"featured_media":0,"parent":0,"menu_order":5,"comment_status":"closed","ping_status":"closed","template":"","meta":{"footnotes":""},"class_list":["post-332","page","type-page","status-publish","hentry"],"_links":{"self":[{"href":"https:\/\/perluette.xyz\/index.php\/wp-json\/wp\/v2\/pages\/332","targetHints":{"allow":["GET"]}}],"collection":[{"href":"https:\/\/perluette.xyz\/index.php\/wp-json\/wp\/v2\/pages"}],"about":[{"href":"https:\/\/perluette.xyz\/index.php\/wp-json\/wp\/v2\/types\/page"}],"author":[{"embeddable":true,"href":"https:\/\/perluette.xyz\/index.php\/wp-json\/wp\/v2\/users\/1"}],"replies":[{"embeddable":true,"href":"https:\/\/perluette.xyz\/index.php\/wp-json\/wp\/v2\/comments?post=332"}],"version-history":[{"count":3,"href":"https:\/\/perluette.xyz\/index.php\/wp-json\/wp\/v2\/pages\/332\/revisions"}],"predecessor-version":[{"id":338,"href":"https:\/\/perluette.xyz\/index.php\/wp-json\/wp\/v2\/pages\/332\/revisions\/338"}],"wp:attachment":[{"href":"https:\/\/perluette.xyz\/index.php\/wp-json\/wp\/v2\/media?parent=332"}],"curies":[{"name":"wp","href":"https:\/\/api.w.org\/{rel}","templated":true}]}}