{"id":40,"date":"2016-02-29T10:36:59","date_gmt":"2016-02-29T09:36:59","guid":{"rendered":"http:\/\/perluette.xyz\/?page_id=40"},"modified":"2017-06-13T09:53:03","modified_gmt":"2017-06-13T08:53:03","slug":"projet-de-perluette","status":"publish","type":"page","link":"https:\/\/perluette.xyz\/index.php\/perluette-les-livres-jeunesse\/projet-de-perluette\/","title":{"rendered":"Projet de Perluette"},"content":{"rendered":"<p>Perluette est un projet autour de la litt\u00e9rature pour la jeunesse imagin\u00e9 par Magali Battaglia, qui germe depuis quelques ann\u00e9es et se d\u00e9veloppe d\u00e8s 2016.<\/p>\n<p>&nbsp;<\/p>\n<p>L\u2019id\u00e9e de Perluette est d\u2019imaginer un espace de rencontres et un lieu ressources autour de la litt\u00e9rature pour la jeunesse, \u00e0 partir d\u2019un th\u00e8me donn\u00e9, pr\u00e9texte aux \u00e9changes et aux d\u00e9couvertes\u00a0:<\/p>\n<p>&nbsp;<\/p>\n<ul>\n<li>P\u00f4le ressources non exhaustif et au sens large, \u00e0 savoir un espace qui permet de partager autour de la litt\u00e9rature pour la jeunesse, de travailler en compl\u00e9mentarit\u00e9 et de mettre en synergie les forces vives d\u00e9j\u00e0 existantes de la R\u00e9gion Hauts-de-France dans ce secteur (associations de lectures, librairies, \u00e9diteurs, plasticiennes et animatrices autour du livre, biblioth\u00e9caires, documentalistes, \u2026).<\/li>\n<\/ul>\n<p>Les projets s&rsquo;adressent donc autant \u00e0 un public familial qu\u2019\u00e0 un public sp\u00e9cialis\u00e9 dans ce secteur du livre pour la jeunesse dans toutes ses richesses\u00a0; \u00e0 noter qu\u2019il concernerait des enfants et des jeunes mais \u00e9galement des adultes et des personnes plus \u00e2g\u00e9es, lecteurs \/ auditeurs, prescripteurs \/ curieux.<\/p>\n<p>Perluette pourra \u00eatre \u00e0 l\u2019origine de projets qu\u2019elle invente et produit mais aussi se positionner en tant que coordinatrice porteuse d\u2019\u00e9v\u00e8nements autour des livres pour la jeunesse (non n\u00e9cessairement n\u00e9s de son initiative).<\/p>\n<p>&nbsp;<\/p>\n<ul>\n<li>Espace de rencontres itin\u00e9rant ouvert aux enfants, aux familles, \u00e0 des groupes identifi\u00e9s (classes, centres de loisirs, associations,\u2026) ou encore \u00e0 des professionnels du livre jeunesse\u00a0: le temps d\u2019un verre, d\u2019un atelier divers ou d\u2019une rencontre voire d\u2019une conf\u00e9rence ou d\u2019un colloque sp\u00e9cifique.<\/li>\n<\/ul>\n<p>Il s\u2019agira de faire vivre le livre par le biais d\u2019ateliers et de propositions originales (lectures, \u00e9critures, arts plastiques, cuisine, \u2026 mais toujours en lien avec des livres jeunesse propos\u00e9s dans le cadre des th\u00e9matiques choisies) et de rencontres (auteurs, \u00e9diteurs, libraires, associations, \u2026). Y seront aussi pr\u00e9sent\u00e9s des livres \u00ab\u00a0autrement\u00a0\u00bb (formats singuliers, \u00e9diteurs atypiques, rapport \u00e0 la lecture peu conventionnel, \u2026).<\/p>\n<p>&nbsp;<\/p>\n<p>Parce qu\u2019aujourd\u2019hui la litt\u00e9rature pour la jeunesse est prolifique et d\u2019une extr\u00eame diversit\u00e9 et richesse, Perluette baserait son travail sur des th\u00e9matiques, en lien avec la litt\u00e9rature pour la jeunesse. (Exemples\u00a0: Le livre jeunesse &amp; \u2026 le num\u00e9rique \/ les arts vivants \/ l\u2019architecture \/ l\u2019alimentation \u2026).<\/p>\n<p>&nbsp;<\/p>\n<p>&amp; donc comme symbole de travail en collaboration avec des projets d\u00e9j\u00e0 existants,<\/p>\n<p>&amp; aussi comme articulation entre les livres et ces th\u00e9matiques, plus ou moins larges.<\/p>\n","protected":false},"excerpt":{"rendered":"<p>Perluette est un projet autour de la litt\u00e9rature pour la jeunesse imagin\u00e9 par Magali Battaglia, qui germe depuis quelques ann\u00e9es et se d\u00e9veloppe d\u00e8s 2016. &nbsp; L\u2019id\u00e9e de Perluette est d\u2019imaginer un espace de rencontres et un lieu ressources autour de la litt\u00e9rature pour la jeunesse, \u00e0 partir d\u2019un th\u00e8me donn\u00e9, pr\u00e9texte aux \u00e9changes et &hellip; <a href=\"https:\/\/perluette.xyz\/index.php\/perluette-les-livres-jeunesse\/projet-de-perluette\/\" class=\"more-link\">Continue reading <span class=\"screen-reader-text\">Projet de Perluette<\/span><\/a><\/p>\n","protected":false},"author":1,"featured_media":0,"parent":6,"menu_order":0,"comment_status":"closed","ping_status":"closed","template":"","meta":{"footnotes":""},"class_list":["post-40","page","type-page","status-publish","hentry"],"_links":{"self":[{"href":"https:\/\/perluette.xyz\/index.php\/wp-json\/wp\/v2\/pages\/40","targetHints":{"allow":["GET"]}}],"collection":[{"href":"https:\/\/perluette.xyz\/index.php\/wp-json\/wp\/v2\/pages"}],"about":[{"href":"https:\/\/perluette.xyz\/index.php\/wp-json\/wp\/v2\/types\/page"}],"author":[{"embeddable":true,"href":"https:\/\/perluette.xyz\/index.php\/wp-json\/wp\/v2\/users\/1"}],"replies":[{"embeddable":true,"href":"https:\/\/perluette.xyz\/index.php\/wp-json\/wp\/v2\/comments?post=40"}],"version-history":[{"count":5,"href":"https:\/\/perluette.xyz\/index.php\/wp-json\/wp\/v2\/pages\/40\/revisions"}],"predecessor-version":[{"id":422,"href":"https:\/\/perluette.xyz\/index.php\/wp-json\/wp\/v2\/pages\/40\/revisions\/422"}],"up":[{"embeddable":true,"href":"https:\/\/perluette.xyz\/index.php\/wp-json\/wp\/v2\/pages\/6"}],"wp:attachment":[{"href":"https:\/\/perluette.xyz\/index.php\/wp-json\/wp\/v2\/media?parent=40"}],"curies":[{"name":"wp","href":"https:\/\/api.w.org\/{rel}","templated":true}]}}