{"id":46,"date":"2016-02-29T10:39:12","date_gmt":"2016-02-29T09:39:12","guid":{"rendered":"http:\/\/perluette.xyz\/?page_id=46"},"modified":"2017-01-03T11:12:29","modified_gmt":"2017-01-03T10:12:29","slug":"en-cours","status":"publish","type":"page","link":"https:\/\/perluette.xyz\/index.php\/projets-thematiques\/projets-portes-par-perluette\/en-cours\/","title":{"rendered":"En cours"},"content":{"rendered":"<p><em><strong>Les projets de Perluette en 2016<\/strong><\/em><\/p>\n<p>Dimanche 13 mars 2016 : Perluette se pr\u00e9sente au March\u00e9 du Pyl\u00f4ne, 333 rue Roger Salengro &#8211; 59260 Hellemmes Lille.<\/p>\n<p>Du 26 mars au 8 avril 2016 : Perluette est au Polder &amp; dans la for\u00eat, 250 rue Roger Salengro &#8211; 59260 Hellemmes Lille.<\/p>\n<p>Du 20 au 24 juillet 2016 : Perluette lit dans les jardins d&rsquo;Hellemmes avec Anouck Boisrobert \/ Louis Rigaud &amp; l&rsquo;Association Petit Avec Des Grandes Oreilles.<em><br \/>\n<\/em><\/p>\n<p>Jeudi 24 novembre 2016 : Salon ANIMALIVRE organis\u00e9 par le <a href=\"https:\/\/bloganimalivre.wordpress.com\/a-decouvrir\/\">Collectif Animalivre<\/a> dont Perluette fait partie.<\/p>\n<p>Samedi 26 novembre 2016 : Jouons en livres au Centre Social Le Nautilus \u00e0 Roubaix (d\u00e9couvertes de jeux de soci\u00e9t\u00e9 en lien avec des livres jeunesse).<\/p>\n<p style=\"text-align: right;\"><strong>Plus d&rsquo;informations sur les projets de Perluette \u00e0 <a href=\"mailto:association.perluette@gmail.com\">association.perluette@gmail.com<\/a><\/strong><\/p>\n","protected":false},"excerpt":{"rendered":"<p>Les projets de Perluette en 2016 Dimanche 13 mars 2016 : Perluette se pr\u00e9sente au March\u00e9 du Pyl\u00f4ne, 333 rue Roger Salengro &#8211; 59260 Hellemmes Lille. Du 26 mars au 8 avril 2016 : Perluette est au Polder &amp; dans la for\u00eat, 250 rue Roger Salengro &#8211; 59260 Hellemmes Lille. Du 20 au 24 juillet &hellip; <a href=\"https:\/\/perluette.xyz\/index.php\/projets-thematiques\/projets-portes-par-perluette\/en-cours\/\" class=\"more-link\">Continue reading <span class=\"screen-reader-text\">En cours<\/span><\/a><\/p>\n","protected":false},"author":1,"featured_media":0,"parent":44,"menu_order":0,"comment_status":"closed","ping_status":"closed","template":"","meta":{"footnotes":""},"class_list":["post-46","page","type-page","status-publish","hentry"],"_links":{"self":[{"href":"https:\/\/perluette.xyz\/index.php\/wp-json\/wp\/v2\/pages\/46","targetHints":{"allow":["GET"]}}],"collection":[{"href":"https:\/\/perluette.xyz\/index.php\/wp-json\/wp\/v2\/pages"}],"about":[{"href":"https:\/\/perluette.xyz\/index.php\/wp-json\/wp\/v2\/types\/page"}],"author":[{"embeddable":true,"href":"https:\/\/perluette.xyz\/index.php\/wp-json\/wp\/v2\/users\/1"}],"replies":[{"embeddable":true,"href":"https:\/\/perluette.xyz\/index.php\/wp-json\/wp\/v2\/comments?post=46"}],"version-history":[{"count":5,"href":"https:\/\/perluette.xyz\/index.php\/wp-json\/wp\/v2\/pages\/46\/revisions"}],"predecessor-version":[{"id":317,"href":"https:\/\/perluette.xyz\/index.php\/wp-json\/wp\/v2\/pages\/46\/revisions\/317"}],"up":[{"embeddable":true,"href":"https:\/\/perluette.xyz\/index.php\/wp-json\/wp\/v2\/pages\/44"}],"wp:attachment":[{"href":"https:\/\/perluette.xyz\/index.php\/wp-json\/wp\/v2\/media?parent=46"}],"curies":[{"name":"wp","href":"https:\/\/api.w.org\/{rel}","templated":true}]}}