{"id":50,"date":"2016-02-29T10:40:03","date_gmt":"2016-02-29T09:40:03","guid":{"rendered":"http:\/\/perluette.xyz\/?page_id=50"},"modified":"2016-02-29T23:03:39","modified_gmt":"2016-02-29T22:03:39","slug":"coordination-de-projets-exterieurs","status":"publish","type":"page","link":"https:\/\/perluette.xyz\/index.php\/projets-thematiques\/coordination-de-projets-exterieurs\/","title":{"rendered":"Coordination de projets ext\u00e9rieurs"},"content":{"rendered":"<p>L\u2019Association Perluette d\u00e9veloppe ses propres projets mais peut \u00e9galement intervenir en tant que prestataire, afin de <strong>mettre ses comp\u00e9tences au service de projets en lien avec les livres jeunesse port\u00e9s par d\u2019autres associations, de collectivit\u00e9s locales ou bien m\u00eame de particuliers.<\/strong><\/p>\n<p>Ainsi, n\u2019h\u00e9sitez pas \u00e0 faire appel aux services de Perluette si vous souhaitez r\u00e9fl\u00e9chir &amp; organiser un \u00e9v\u00e8nement type festival ou salon autour des livres pour la jeunesse, d\u00e9couvrir &amp; rencontrer des auteurs \/ \u00e9diteurs jeunesse ou encore \u00eatre mis en lien avec tout acteur professionnel du secteur du livre.<\/p>\n<p style=\"text-align: right;\"><em>Plus de pr\u00e9cisions et devis sur simple demande \u00e0 <a href=\"mailto:association.perluette@gmail.com\">association.perluette@gmail.com<\/a><\/em><\/p>\n","protected":false},"excerpt":{"rendered":"<p>L\u2019Association Perluette d\u00e9veloppe ses propres projets mais peut \u00e9galement intervenir en tant que prestataire, afin de mettre ses comp\u00e9tences au service de projets en lien avec les livres jeunesse port\u00e9s par d\u2019autres associations, de collectivit\u00e9s locales ou bien m\u00eame de particuliers. Ainsi, n\u2019h\u00e9sitez pas \u00e0 faire appel aux services de Perluette si vous souhaitez r\u00e9fl\u00e9chir &hellip; <a href=\"https:\/\/perluette.xyz\/index.php\/projets-thematiques\/coordination-de-projets-exterieurs\/\" class=\"more-link\">Continue reading <span class=\"screen-reader-text\">Coordination de projets ext\u00e9rieurs<\/span><\/a><\/p>\n","protected":false},"author":1,"featured_media":0,"parent":34,"menu_order":0,"comment_status":"closed","ping_status":"closed","template":"","meta":{"footnotes":""},"class_list":["post-50","page","type-page","status-publish","hentry"],"_links":{"self":[{"href":"https:\/\/perluette.xyz\/index.php\/wp-json\/wp\/v2\/pages\/50","targetHints":{"allow":["GET"]}}],"collection":[{"href":"https:\/\/perluette.xyz\/index.php\/wp-json\/wp\/v2\/pages"}],"about":[{"href":"https:\/\/perluette.xyz\/index.php\/wp-json\/wp\/v2\/types\/page"}],"author":[{"embeddable":true,"href":"https:\/\/perluette.xyz\/index.php\/wp-json\/wp\/v2\/users\/1"}],"replies":[{"embeddable":true,"href":"https:\/\/perluette.xyz\/index.php\/wp-json\/wp\/v2\/comments?post=50"}],"version-history":[{"count":3,"href":"https:\/\/perluette.xyz\/index.php\/wp-json\/wp\/v2\/pages\/50\/revisions"}],"predecessor-version":[{"id":150,"href":"https:\/\/perluette.xyz\/index.php\/wp-json\/wp\/v2\/pages\/50\/revisions\/150"}],"up":[{"embeddable":true,"href":"https:\/\/perluette.xyz\/index.php\/wp-json\/wp\/v2\/pages\/34"}],"wp:attachment":[{"href":"https:\/\/perluette.xyz\/index.php\/wp-json\/wp\/v2\/media?parent=50"}],"curies":[{"name":"wp","href":"https:\/\/api.w.org\/{rel}","templated":true}]}}