{"id":52,"date":"2016-02-29T10:40:32","date_gmt":"2016-02-29T09:40:32","guid":{"rendered":"http:\/\/perluette.xyz\/?page_id=52"},"modified":"2016-03-03T19:24:43","modified_gmt":"2016-03-03T18:24:43","slug":"thematiques-livres-jeunesse","status":"publish","type":"page","link":"https:\/\/perluette.xyz\/index.php\/projets-thematiques\/thematiques-livres-jeunesse\/","title":{"rendered":"Th\u00e9matiques &#038; livres jeunesse"},"content":{"rendered":"<p>La litt\u00e9rature pour la jeunesse se r\u00e9v\u00e8le \u00e0 l\u2019aube du 21\u00e8me si\u00e8cle d\u2019une telle diversit\u00e9 &amp; d\u2019une si grande richesse que <strong>Perluette souhaite appuyer son travail sur des th\u00e9matiques<\/strong>, plus ou moins larges, qu\u2019elle met n\u00e9cessairement en lien avec des livres jeunesse. <strong>Les th\u00e9matiques sont donc pr\u00e9textes aux d\u00e9couvertes litt\u00e9raires &amp; aux rencontres avec des auteurs \u2013 illustrateurs \u2013 \u00e9diteurs<\/strong> (exemples de th\u00e9matiques envisag\u00e9es : Les livres jeunesse &amp; \u2026 les jardins \/ le num\u00e9rique \/ les arts vivants \/ l\u2019architecture \/ l\u2019alimentation\u2026).<br \/>\n\u00c0 noter que les oeuvres propos\u00e9es &amp; d\u00e9fendues par Perluette sont autres choses que des livres purement didactiques, consid\u00e8rent les individus (qu\u2019ils soient enfants, jeunes ou adultes) dans toute leurs <strong>intelligence &amp; complexit\u00e9<\/strong>, visent \u00e0 <strong>d\u00e9velopper les imaginaires<\/strong> ou un <strong>certain rapport \u00e0 l\u2019esth\u00e9tisme et \u00e0 la litt\u00e9rature<\/strong> dans son sens le plus noble. En cela, ils s\u2019adressent autant aux lecteurs les plus jeunes qu\u2019aux adultes, sans limite d\u2019\u00e2ge.<\/p>\n<p style=\"text-align: left;\">L\u2019Association Perluette sera parfois amen\u00e9e \u00e0 proposer en consultation &amp; \u00e0 la vente des <strong>livres singuliers<\/strong> (livres d\u2019art, livres-objets, livres-jeux, \u2026), voire dans certains cas quelques produits d\u00e9riv\u00e9s \u00e0 partir d\u2019illustrations jeunesse de qualit\u00e9 (jeux de soci\u00e9t\u00e9, carterie, papeterie, \u2026).<br \/>\nL\u2019association peut aussi se r\u00e9v\u00e9ler un <strong>interlocuteur pr\u00e9cieux<\/strong> si vous souhaitez r\u00e9diger une bibliographie en lien avec une th\u00e9matique singuli\u00e8re ou tout simplement offrir un livre jeunesse.<\/p>\n<p style=\"text-align: right;\"><strong><em>Plus d\u2019informations au 06 79 21 09 27.<\/em><\/strong><\/p>\n","protected":false},"excerpt":{"rendered":"<p>La litt\u00e9rature pour la jeunesse se r\u00e9v\u00e8le \u00e0 l\u2019aube du 21\u00e8me si\u00e8cle d\u2019une telle diversit\u00e9 &amp; d\u2019une si grande richesse que Perluette souhaite appuyer son travail sur des th\u00e9matiques, plus ou moins larges, qu\u2019elle met n\u00e9cessairement en lien avec des livres jeunesse. Les th\u00e9matiques sont donc pr\u00e9textes aux d\u00e9couvertes litt\u00e9raires &amp; aux rencontres avec des &hellip; <a href=\"https:\/\/perluette.xyz\/index.php\/projets-thematiques\/thematiques-livres-jeunesse\/\" class=\"more-link\">Continue reading <span class=\"screen-reader-text\">Th\u00e9matiques &#038; livres jeunesse<\/span><\/a><\/p>\n","protected":false},"author":1,"featured_media":0,"parent":34,"menu_order":0,"comment_status":"closed","ping_status":"closed","template":"","meta":{"footnotes":""},"class_list":["post-52","page","type-page","status-publish","hentry"],"_links":{"self":[{"href":"https:\/\/perluette.xyz\/index.php\/wp-json\/wp\/v2\/pages\/52","targetHints":{"allow":["GET"]}}],"collection":[{"href":"https:\/\/perluette.xyz\/index.php\/wp-json\/wp\/v2\/pages"}],"about":[{"href":"https:\/\/perluette.xyz\/index.php\/wp-json\/wp\/v2\/types\/page"}],"author":[{"embeddable":true,"href":"https:\/\/perluette.xyz\/index.php\/wp-json\/wp\/v2\/users\/1"}],"replies":[{"embeddable":true,"href":"https:\/\/perluette.xyz\/index.php\/wp-json\/wp\/v2\/comments?post=52"}],"version-history":[{"count":5,"href":"https:\/\/perluette.xyz\/index.php\/wp-json\/wp\/v2\/pages\/52\/revisions"}],"predecessor-version":[{"id":157,"href":"https:\/\/perluette.xyz\/index.php\/wp-json\/wp\/v2\/pages\/52\/revisions\/157"}],"up":[{"embeddable":true,"href":"https:\/\/perluette.xyz\/index.php\/wp-json\/wp\/v2\/pages\/34"}],"wp:attachment":[{"href":"https:\/\/perluette.xyz\/index.php\/wp-json\/wp\/v2\/media?parent=52"}],"curies":[{"name":"wp","href":"https:\/\/api.w.org\/{rel}","templated":true}]}}