{"id":64,"date":"2016-02-29T10:43:07","date_gmt":"2016-02-29T09:43:07","guid":{"rendered":"http:\/\/perluette.xyz\/?page_id=64"},"modified":"2016-02-29T17:07:28","modified_gmt":"2016-02-29T16:07:28","slug":"sensibilisation-formation","status":"publish","type":"page","link":"https:\/\/perluette.xyz\/index.php\/ressources-formations\/sensibilisation-formation\/","title":{"rendered":"Sensibilisation &#038; formation"},"content":{"rendered":"<p>Vous souhaitez obtenir des <strong>conseils en mati\u00e8re de livres jeunesse, selon vos \u00e2ges, go\u00fbts &amp; int\u00e9r\u00eats, n\u2019h\u00e9sitez pas \u00e0 solliciter l\u2019Association Perluette<\/strong> qui se fera un plaisir de vous guider \u00e0 travers de multiples richesses de lectures\u00a0!<\/p>\n<p>&nbsp;<\/p>\n<p><strong>\u00c0 l\u2019avenir, l\u2019Association souhaiterait s\u2019associer \u00e0 d\u2019autres professionnels pour proposer diff\u00e9rents stages &amp; ateliers de formations<\/strong> dans des domaines aussi vari\u00e9s que la r\u00e9daction de bibliographies, l\u2019accueil d\u2019auteurs &amp; illustrateurs jeunesse, la mise en place d\u2019ateliers artistiques en lien avec les livres pour la jeunesse, la pratique de la lecture \u00e0 voix haute, le montage de projets, \u2026<\/p>\n<p>Si vous avez des demandes particuli\u00e8res, n\u2019h\u00e9sitez pas \u00e0 nous les communiquer \u00e0 l\u2019adresse <a href=\"mailto:association.perluette@gmail.com\">association.perluette@gmail.com<\/a><\/p>\n","protected":false},"excerpt":{"rendered":"<p>Vous souhaitez obtenir des conseils en mati\u00e8re de livres jeunesse, selon vos \u00e2ges, go\u00fbts &amp; int\u00e9r\u00eats, n\u2019h\u00e9sitez pas \u00e0 solliciter l\u2019Association Perluette qui se fera un plaisir de vous guider \u00e0 travers de multiples richesses de lectures\u00a0! &nbsp; \u00c0 l\u2019avenir, l\u2019Association souhaiterait s\u2019associer \u00e0 d\u2019autres professionnels pour proposer diff\u00e9rents stages &amp; ateliers de formations dans &hellip; <a href=\"https:\/\/perluette.xyz\/index.php\/ressources-formations\/sensibilisation-formation\/\" class=\"more-link\">Continue reading <span class=\"screen-reader-text\">Sensibilisation &#038; formation<\/span><\/a><\/p>\n","protected":false},"author":1,"featured_media":0,"parent":61,"menu_order":0,"comment_status":"closed","ping_status":"closed","template":"","meta":{"footnotes":""},"class_list":["post-64","page","type-page","status-publish","hentry"],"_links":{"self":[{"href":"https:\/\/perluette.xyz\/index.php\/wp-json\/wp\/v2\/pages\/64","targetHints":{"allow":["GET"]}}],"collection":[{"href":"https:\/\/perluette.xyz\/index.php\/wp-json\/wp\/v2\/pages"}],"about":[{"href":"https:\/\/perluette.xyz\/index.php\/wp-json\/wp\/v2\/types\/page"}],"author":[{"embeddable":true,"href":"https:\/\/perluette.xyz\/index.php\/wp-json\/wp\/v2\/users\/1"}],"replies":[{"embeddable":true,"href":"https:\/\/perluette.xyz\/index.php\/wp-json\/wp\/v2\/comments?post=64"}],"version-history":[{"count":2,"href":"https:\/\/perluette.xyz\/index.php\/wp-json\/wp\/v2\/pages\/64\/revisions"}],"predecessor-version":[{"id":132,"href":"https:\/\/perluette.xyz\/index.php\/wp-json\/wp\/v2\/pages\/64\/revisions\/132"}],"up":[{"embeddable":true,"href":"https:\/\/perluette.xyz\/index.php\/wp-json\/wp\/v2\/pages\/61"}],"wp:attachment":[{"href":"https:\/\/perluette.xyz\/index.php\/wp-json\/wp\/v2\/media?parent=64"}],"curies":[{"name":"wp","href":"https:\/\/api.w.org\/{rel}","templated":true}]}}