{"id":68,"date":"2016-02-29T10:44:57","date_gmt":"2016-02-29T09:44:57","guid":{"rendered":"http:\/\/perluette.xyz\/?page_id=68"},"modified":"2017-01-31T15:21:49","modified_gmt":"2017-01-31T14:21:49","slug":"partenaires","status":"publish","type":"page","link":"https:\/\/perluette.xyz\/index.php\/ressources-formations\/partenaires\/","title":{"rendered":"Partenaires &#038; collaborateurs"},"content":{"rendered":"<p style=\"text-align: left;\"><strong>La Librairie ind\u00e9pendante ITALIQUES<\/strong><br \/>\nLa librairie g\u00e9n\u00e9raliste et ind\u00e9pendante Italiques, implant\u00e9e \u00e0 Hellemmes depuis sa cr\u00e9ation en 1974, propose en d\u00e9p\u00f4t-vente \u00e0 Perluette &amp; dans le cadre de certains projets des ouvrages en lien avec les th\u00e9matiques d\u00e9velopp\u00e9es.<\/p>\n<p style=\"text-align: right;\">Librairie Italiques : 49 rue Faidherbe \u2013 59260 Hellemmes<\/p>\n<p>&nbsp;<\/p>\n<p><strong>Le Polder, caf\u00e9 des initiatives citoyennes et solidaires<\/strong><br \/>\nLe Polder est caf\u00e9 des initiatives citoyennes et solidaires ouvert depuis fin 2015 sur la commune d\u2019Hellemmes. C\u2019est un projet port\u00e9 par Didier Le Pallac et Maxime Giusti, qui r\u00e9unit quelques 200 coop\u00e9rateurs \/ donateurs qui estiment que c\u2019est aux citoyens de reprendre la main sur les questions \u00e9conomiques et politiques afin qu\u2019ils retrouvent toutes leurs places dans les d\u00e9cisions qui les concernent.<br \/>\nLe Polder a ainsi \u00e9t\u00e9 imagin\u00e9 comme un espace public de discussion, d\u2019interrogation, de co-construction de nouvelles politiques publiques aux services d\u2019un territoire et de ses habitants et de promotion d\u2019initiatives \u00e9conomiques anim\u00e9es par les valeurs de l\u2019\u00e9conomie sociale et solidaire.<br \/>\nConstruit autour de l\u2019exploitation d\u2019un caf\u00e9 offrant une petite restauration et d\u2019espaces locatifs incluant des services administratifs mutualis\u00e9s d\u00e9di\u00e9s \u00e0 des associations, les porteurs du projet souhaitent ancrer aussi bien l\u2019organisation que la gestion du Polder dans les principes de l\u2019\u00e9conomie sociale et solidaire : non-lucrativit\u00e9 ou lucrativit\u00e9 limit\u00e9e, r\u00e9serve impartageable, fonctionnement d\u00e9mocratique, \u00e9chelle des salaires limit\u00e9e, circuits courts d\u2019approvisionnements\u2026<\/p>\n<p style=\"text-align: right;\">Le Polder : 250 rue Roger Salengro \u2013 59260 Hellemmes<br \/>\n<a href=\"http:\/\/www.lepolder.org\">www.lepolder.org<\/a><\/p>\n<p>&nbsp;<\/p>\n<p style=\"text-align: left;\"><strong>Lis avec moi<\/strong><br \/>\nDepuis 1988, l\u2019\u00e9quipe de lecteurs de \u00ab Lis avec Moi \u00bb sillonne la r\u00e9gion Nord-Pas de Calais pour lire des histoires \u00e0 voix haute aux b\u00e9b\u00e9s, aux enfants plus grands, aux adolescents et aux adultes car face aux in\u00e9galit\u00e9s culturelles, il semble important d\u2019ouvrir aux enfants l\u2019acc\u00e8s aux histoires, \u00e0 l\u2019imaginaire, au langage po\u00e9tique et litt\u00e9raire, par l\u2019interm\u00e9diaire du livre.<br \/>\nLes albums lus \u00e0 plusieurs voix de lecteurs de Lis avec moi seront choisis pour leur qualit\u00e9 litt\u00e9raire et esth\u00e9tique, des livres tr\u00e8s diversifi\u00e9s qui s\u2019adressent \u00e0 l\u2019imaginaire des jeunes et o\u00f9 la po\u00e9sie c\u00f4toie l\u2019humour et la tendresse, o\u00f9 l\u2019on joue avec les mots et les images, avec la fiction et la r\u00e9alit\u00e9.<\/p>\n<p style=\"text-align: right;\"><a href=\"http:\/\/www.lasauvegardedunord.fr\/etablissements\/lis-avec-moi\/\">www.lasauvegardedunord.fr\/etablissements\/lis-avec-moi\/<\/a><\/p>\n<p>&nbsp;<\/p>\n<p><strong>L\u2019association PADGO (Petit Avec Des Grandes Oreilles)<\/strong><br \/>\nPetit avec des grandes oreilles a pour vocation de d\u00e9velopper un espace de rencontres, d\u2019\u00e9changes et de recherches dans les domaines li\u00e9s \u00e0 la p\u00e9dagogie. L\u2019association \u0153uvre \u00e0 la mise en place de projets ludo-\u00e9ducatifs participatifs en faveur du jeune public en privil\u00e9giant les m\u00e9diations interdisciplinaires et interculturelles sans restrictions de lieux et de fantaisies.<\/p>\n<p style=\"text-align: right;\"><a href=\"https:\/\/padgo.wordpress.com\">https:\/\/padgo.wordpress.com<\/a><\/p>\n<p>&nbsp;<\/p>\n","protected":false},"excerpt":{"rendered":"<p>La Librairie ind\u00e9pendante ITALIQUES La librairie g\u00e9n\u00e9raliste et ind\u00e9pendante Italiques, implant\u00e9e \u00e0 Hellemmes depuis sa cr\u00e9ation en 1974, propose en d\u00e9p\u00f4t-vente \u00e0 Perluette &amp; dans le cadre de certains projets des ouvrages en lien avec les th\u00e9matiques d\u00e9velopp\u00e9es. Librairie Italiques : 49 rue Faidherbe \u2013 59260 Hellemmes &nbsp; Le Polder, caf\u00e9 des initiatives citoyennes et &hellip; <a href=\"https:\/\/perluette.xyz\/index.php\/ressources-formations\/partenaires\/\" class=\"more-link\">Continue reading <span class=\"screen-reader-text\">Partenaires &#038; collaborateurs<\/span><\/a><\/p>\n","protected":false},"author":1,"featured_media":0,"parent":61,"menu_order":0,"comment_status":"closed","ping_status":"closed","template":"","meta":{"footnotes":""},"class_list":["post-68","page","type-page","status-publish","hentry"],"_links":{"self":[{"href":"https:\/\/perluette.xyz\/index.php\/wp-json\/wp\/v2\/pages\/68","targetHints":{"allow":["GET"]}}],"collection":[{"href":"https:\/\/perluette.xyz\/index.php\/wp-json\/wp\/v2\/pages"}],"about":[{"href":"https:\/\/perluette.xyz\/index.php\/wp-json\/wp\/v2\/types\/page"}],"author":[{"embeddable":true,"href":"https:\/\/perluette.xyz\/index.php\/wp-json\/wp\/v2\/users\/1"}],"replies":[{"embeddable":true,"href":"https:\/\/perluette.xyz\/index.php\/wp-json\/wp\/v2\/comments?post=68"}],"version-history":[{"count":5,"href":"https:\/\/perluette.xyz\/index.php\/wp-json\/wp\/v2\/pages\/68\/revisions"}],"predecessor-version":[{"id":342,"href":"https:\/\/perluette.xyz\/index.php\/wp-json\/wp\/v2\/pages\/68\/revisions\/342"}],"up":[{"embeddable":true,"href":"https:\/\/perluette.xyz\/index.php\/wp-json\/wp\/v2\/pages\/61"}],"wp:attachment":[{"href":"https:\/\/perluette.xyz\/index.php\/wp-json\/wp\/v2\/media?parent=68"}],"curies":[{"name":"wp","href":"https:\/\/api.w.org\/{rel}","templated":true}]}}